{"id":813,"date":"2023-12-05T17:44:31","date_gmt":"2023-12-05T16:44:31","guid":{"rendered":"https:\/\/littlemonkeysagency.com\/?page_id=813"},"modified":"2023-12-15T08:51:34","modified_gmt":"2023-12-15T07:51:34","slug":"treballa-amb-nosaltres","status":"publish","type":"page","link":"https:\/\/littlemonkeysagency.com\/ca\/trabaja-con-nosotros\/","title":{"rendered":"Treballa amb nosaltres"},"content":{"rendered":"<div data-elementor-type=\"wp-page\" data-elementor-id=\"813\" class=\"elementor elementor-813\" data-elementor-post-type=\"page\">\n\t\t\t\t\t\t<section class=\"elementor-section elementor-top-section elementor-element elementor-element-29ac0977 elementor-section-height-full elementor-section-boxed elementor-section-height-default elementor-section-items-middle\" data-id=\"29ac0977\" data-element_type=\"section\" data-e-type=\"section\" data-settings=\"{&quot;background_background&quot;:&quot;classic&quot;}\">\n\t\t\t\t\t\t<div class=\"elementor-container elementor-column-gap-default\">\n\t\t\t\t\t<div class=\"elementor-column elementor-col-100 elementor-top-column elementor-element elementor-element-1b76ec5b elementor-hidden-mobile\" data-id=\"1b76ec5b\" data-element_type=\"column\" data-e-type=\"column\">\n\t\t\t<div class=\"elementor-widget-wrap elementor-element-populated\">\n\t\t\t\t\t\t<div class=\"elementor-element elementor-element-7984562b elementor-widget elementor-widget-html\" data-id=\"7984562b\" data-element_type=\"widget\" data-e-type=\"widget\" data-widget_type=\"html.default\">\n\t\t\t\t<div class=\"elementor-widget-container\">\n\t\t\t\t\t\n<div class=\"middle\">\n  <div class=\"mouse\">\n\n  <\/div>\n<\/div>\n\t\t\t\t<\/div>\n\t\t\t\t<\/div>\n\t\t\t\t\t<\/div>\n\t\t<\/div>\n\t\t\t\t\t<\/div>\n\t\t<\/section>\n\t\t\t\t<section class=\"elementor-section elementor-top-section elementor-element elementor-element-31c5f433 elementor-section-full_width elementor-section-height-default elementor-section-height-default\" data-id=\"31c5f433\" data-element_type=\"section\" data-e-type=\"section\">\n\t\t\t\t\t\t<div class=\"elementor-container elementor-column-gap-default\">\n\t\t\t\t\t<div class=\"elementor-column elementor-col-100 elementor-top-column elementor-element elementor-element-532039bc\" data-id=\"532039bc\" data-element_type=\"column\" data-e-type=\"column\">\n\t\t\t<div class=\"elementor-widget-wrap elementor-element-populated\">\n\t\t\t\t\t\t<section class=\"elementor-section elementor-inner-section elementor-element elementor-element-4e6a063f elementor-section-boxed elementor-section-height-default elementor-section-height-default\" data-id=\"4e6a063f\" data-element_type=\"section\" data-e-type=\"section\">\n\t\t\t\t\t\t<div class=\"elementor-container elementor-column-gap-default\">\n\t\t\t\t\t<div class=\"elementor-column elementor-col-50 elementor-inner-column elementor-element elementor-element-7d972126\" data-id=\"7d972126\" data-element_type=\"column\" data-e-type=\"column\">\n\t\t\t<div class=\"elementor-widget-wrap elementor-element-populated\">\n\t\t\t\t\t\t<div class=\"elementor-element elementor-element-54ba2b00 elementor-widget elementor-widget-heading\" data-id=\"54ba2b00\" data-element_type=\"widget\" data-e-type=\"widget\" data-widget_type=\"heading.default\">\n\t\t\t\t<div class=\"elementor-widget-container\">\n\t\t\t\t\t<h1 class=\"elementor-heading-title elementor-size-default\">Treballa amb nosaltres<\/h1>\t\t\t\t<\/div>\n\t\t\t\t<\/div>\n\t\t\t\t<div class=\"elementor-element elementor-element-cc85345 elementor-widget elementor-widget-heading\" data-id=\"cc85345\" data-element_type=\"widget\" data-e-type=\"widget\" data-widget_type=\"heading.default\">\n\t\t\t\t<div class=\"elementor-widget-container\">\n\t\t\t\t\t<h2 class=\"elementor-heading-title elementor-size-default\">BOOKER : Envia&#039;ns el teu curr\u00edculum i sigues part del nostre equip. <\/h2>\t\t\t\t<\/div>\n\t\t\t\t<\/div>\n\t\t\t\t\t<\/div>\n\t\t<\/div>\n\t\t\t\t<div class=\"elementor-column elementor-col-50 elementor-inner-column elementor-element elementor-element-2216e089\" data-id=\"2216e089\" data-element_type=\"column\" data-e-type=\"column\">\n\t\t\t<div class=\"elementor-widget-wrap elementor-element-populated\">\n\t\t\t\t\t\t<div class=\"elementor-element elementor-element-d707241 uael-cf7-style-box uael-cf7-input-size-sm uael-cf7-button-left uael-cf7-btn-size-sm uael-cf7-highlight-style-default elementor-widget elementor-widget-uael-cf7-styler\" data-id=\"d707241\" data-element_type=\"widget\" data-e-type=\"widget\" data-widget_type=\"uael-cf7-styler.default\">\n\t\t\t\t<div class=\"elementor-widget-container\">\n\t\t\t\t\t\t\t\t\t<div class = \"uael-cf7-container\">\n\t\t\t\t\t\t<div class = \"uael-cf7 uael-cf7-style elementor-clickable\">\n\t\t\t\t\t\t\n<div class=\"wpcf7 no-js\" id=\"wpcf7-f823-o1\" lang=\"es-ES\" dir=\"ltr\" data-wpcf7-id=\"823\">\n<div class=\"screen-reader-response\"><p role=\"status\" aria-live=\"polite\" aria-atomic=\"true\"><\/p> <ul><\/ul><\/div>\n<form action=\"\/ca\/wp-json\/wp\/v2\/pages\/813#wpcf7-f823-o1\" method=\"post\" class=\"wpcf7-form init\" aria-label=\"Formulari de contacte\" enctype=\"multipart\/form-data\" novalidate=\"novalidate\" data-status=\"init\" data-trp-original-action=\"\/ca\/wp-json\/wp\/v2\/pages\/813#wpcf7-f823-o1\">\n<fieldset class=\"hidden-fields-container\"><input type=\"hidden\" name=\"_wpcf7\" value=\"823\" \/><input type=\"hidden\" name=\"_wpcf7_version\" value=\"6.1.5\" \/><input type=\"hidden\" name=\"_wpcf7_locale\" value=\"es_ES\" \/><input type=\"hidden\" name=\"_wpcf7_unit_tag\" value=\"wpcf7-f823-o1\" \/><input type=\"hidden\" name=\"_wpcf7_container_post\" value=\"0\" \/><input type=\"hidden\" name=\"_wpcf7_posted_data_hash\" value=\"\" \/>\n<\/fieldset>\n<div class=\"wpcf7-response-output\" aria-hidden=\"true\"><\/div>\n<p><label for=\"your-name\">El teu nom<\/label>\n<\/p>\n<p><span class=\"wpcf7-form-control-wrap\" data-name=\"your-name\"><input size=\"40\" maxlength=\"400\" class=\"wpcf7-form-control wpcf7-text wpcf7-validates-as-required\" id=\"your-name\" aria-required=\"true\" aria-invalid=\"false\" value=\"\" type=\"text\" name=\"your-name\" \/><\/span>\n<\/p>\n<p><label for=\"your-city\">El teu lloc de resid\u00e8ncia<\/label>\n<\/p>\n<p><span class=\"wpcf7-form-control-wrap\" data-name=\"your-city\"><input size=\"40\" maxlength=\"400\" class=\"wpcf7-form-control wpcf7-text wpcf7-validates-as-required\" id=\"your-city\" aria-required=\"true\" aria-invalid=\"false\" value=\"\" type=\"text\" name=\"your-city\" \/><\/span>\n<\/p>\n<p><label for=\"your-email\">El teu correu electr\u00f2nic<\/label>\n<\/p>\n<p><span class=\"wpcf7-form-control-wrap\" data-name=\"your-email\"><input size=\"40\" maxlength=\"400\" class=\"wpcf7-form-control wpcf7-email wpcf7-validates-as-required wpcf7-text wpcf7-validates-as-email\" id=\"your-email\" aria-required=\"true\" aria-invalid=\"false\" value=\"\" type=\"email\" name=\"your-email\" \/><\/span>\n<\/p>\n<p><label for=\"tel-726\">El teu tel\u00e8fon<\/label>\n<\/p>\n<p><span class=\"wpcf7-form-control-wrap\" data-name=\"tel-726\"><input size=\"40\" maxlength=\"400\" class=\"wpcf7-form-control wpcf7-tel wpcf7-validates-as-required wpcf7-text wpcf7-validates-as-tel\" id=\"tel-726\" aria-required=\"true\" aria-invalid=\"false\" value=\"\" type=\"tel\" name=\"tel-726\" \/><\/span>\n<\/p>\n<p><label for=\"your-message\">El teu missatge<\/label>\n<\/p>\n<p><span class=\"wpcf7-form-control-wrap\" data-name=\"your-message\"><textarea cols=\"40\" rows=\"10\" maxlength=\"2000\" class=\"wpcf7-form-control wpcf7-textarea\" id=\"your-message\" aria-invalid=\"false\" name=\"your-message\"><\/textarea><\/span>\n<\/p>\n<p><label for=\"file-473\">El teu curr\u00edculum en format PDF o ZIP<\/label>\n<\/p>\n<p><span class=\"wpcf7-form-control-wrap\" data-name=\"file-473\"><input size=\"40\" class=\"wpcf7-form-control wpcf7-file\" id=\"file-473\" accept=\".pdf,.txt,.zip\" aria-invalid=\"false\" type=\"file\" name=\"file-473\" \/><\/span>\n<\/p>\n<p><input class=\"wpcf7-form-control wpcf7-submit has-spinner\" type=\"submit\" value=\"Enviar\" \/>\n<\/p>\n<input type=\"hidden\" name=\"trp-form-language\" value=\"ca\"\/><\/form>\n<\/div>\n\t\t\t\t\t<\/div>\n\t\t\t\t<\/div>\n\t\t\t\t\t\t\t\t<\/div>\n\t\t\t\t<\/div>\n\t\t\t\t\t<\/div>\n\t\t<\/div>\n\t\t\t\t\t<\/div>\n\t\t<\/section>\n\t\t\t\t\t<\/div>\n\t\t<\/div>\n\t\t\t\t\t<\/div>\n\t\t<\/section>\n\t\t\t\t<\/div>","protected":false},"excerpt":{"rendered":"<p>Treballa amb nosaltres BOOKER : Envia&#039;ns el teu curr\u00edculum i sigues part del nostre equip. El teu nom El teu lloc de resid\u00e8ncia El teu correu electr\u00f2nic El teu tel\u00e8fon El teu missatge El teu curr\u00edculum en format PDF o ZIP<\/p>","protected":false},"author":1,"featured_media":1209,"parent":0,"menu_order":6,"comment_status":"closed","ping_status":"closed","template":"","meta":{"site-sidebar-layout":"no-sidebar","site-content-layout":"page-builder","ast-site-content-layout":"full-width-container","site-content-style":"default","site-sidebar-style":"default","ast-global-header-display":"","ast-banner-title-visibility":"","ast-main-header-display":"","ast-hfb-above-header-display":"","ast-hfb-below-header-display":"","ast-hfb-mobile-header-display":"","site-post-title":"disabled","ast-breadcrumbs-content":"","ast-featured-img":"disabled","footer-sml-layout":"","ast-disable-related-posts":"","theme-transparent-header-meta":"default","adv-header-id-meta":"","stick-header-meta":"default","header-above-stick-meta":"","header-main-stick-meta":"","header-below-stick-meta":"","astra-migrate-meta-layouts":"set","ast-page-background-enabled":"default","ast-page-background-meta":{"desktop":{"background-color":"","background-image":"","background-repeat":"repeat","background-position":"center center","background-size":"auto","background-attachment":"scroll","background-type":"","background-media":"","overlay-type":"","overlay-color":"","overlay-opacity":"","overlay-gradient":""},"tablet":{"background-color":"","background-image":"","background-repeat":"repeat","background-position":"center center","background-size":"auto","background-attachment":"scroll","background-type":"","background-media":"","overlay-type":"","overlay-color":"","overlay-opacity":"","overlay-gradient":""},"mobile":{"background-color":"","background-image":"","background-repeat":"repeat","background-position":"center center","background-size":"auto","background-attachment":"scroll","background-type":"","background-media":"","overlay-type":"","overlay-color":"","overlay-opacity":"","overlay-gradient":""}},"ast-content-background-meta":{"desktop":{"background-color":"var(--ast-global-color-5)","background-image":"","background-repeat":"repeat","background-position":"center center","background-size":"auto","background-attachment":"scroll","background-type":"","background-media":"","overlay-type":"","overlay-color":"","overlay-opacity":"","overlay-gradient":""},"tablet":{"background-color":"var(--ast-global-color-5)","background-image":"","background-repeat":"repeat","background-position":"center center","background-size":"auto","background-attachment":"scroll","background-type":"","background-media":"","overlay-type":"","overlay-color":"","overlay-opacity":"","overlay-gradient":""},"mobile":{"background-color":"var(--ast-global-color-5)","background-image":"","background-repeat":"repeat","background-position":"center center","background-size":"auto","background-attachment":"scroll","background-type":"","background-media":"","overlay-type":"","overlay-color":"","overlay-opacity":"","overlay-gradient":""}},"footnotes":""},"class_list":["post-813","page","type-page","status-publish","has-post-thumbnail","hentry"],"yoast_head":"<!-- This site is optimized with the Yoast SEO plugin v27.4 - https:\/\/yoast.com\/product\/yoast-seo-wordpress\/ -->\n<title>Trabaja con nosotros - Little Monkeys<\/title>\n<meta name=\"description\" content=\"Descubre las oportunidades laborales con Little Monkeys. Conoce c\u00f3mo puedes formar parte de nuestro equipo envi\u00e1ndonos tu curr\u00edculum.\" \/>\n<meta name=\"robots\" content=\"index, follow, max-snippet:-1, max-image-preview:large, max-video-preview:-1\" \/>\n<link rel=\"canonical\" href=\"https:\/\/littlemonkeysagency.com\/ca\/treballa-amb-nosaltres\/\" \/>\n<meta property=\"og:locale\" content=\"ca_ES\" \/>\n<meta property=\"og:type\" content=\"article\" \/>\n<meta property=\"og:title\" content=\"Trabaja con nosotros - Little Monkeys\" \/>\n<meta property=\"og:description\" content=\"Descubre las oportunidades laborales con Little Monkeys. Conoce c\u00f3mo puedes formar parte de nuestro equipo envi\u00e1ndonos tu curr\u00edculum.\" \/>\n<meta property=\"og:url\" content=\"https:\/\/littlemonkeysagency.com\/ca\/treballa-amb-nosaltres\/\" \/>\n<meta property=\"og:site_name\" content=\"Little Monkeys\" \/>\n<meta property=\"article:modified_time\" content=\"2023-12-15T07:51:34+00:00\" \/>\n<meta property=\"og:image\" content=\"https:\/\/littlemonkeysagency.com\/wp-content\/uploads\/2023\/10\/LogoMonkeysWeb3-1.png\" \/>\n\t<meta property=\"og:image:width\" content=\"312\" \/>\n\t<meta property=\"og:image:height\" content=\"243\" \/>\n\t<meta property=\"og:image:type\" content=\"image\/png\" \/>\n<meta name=\"twitter:card\" content=\"summary_large_image\" \/>\n<script type=\"application\/ld+json\" class=\"yoast-schema-graph\">{\"@context\":\"https:\\\/\\\/schema.org\",\"@graph\":[{\"@type\":\"WebPage\",\"@id\":\"https:\\\/\\\/littlemonkeysagency.com\\\/trabaja-con-nosotros\\\/\",\"url\":\"https:\\\/\\\/littlemonkeysagency.com\\\/trabaja-con-nosotros\\\/\",\"name\":\"Trabaja con nosotros - Little Monkeys\",\"isPartOf\":{\"@id\":\"https:\\\/\\\/littlemonkeysagency.com\\\/#website\"},\"primaryImageOfPage\":{\"@id\":\"https:\\\/\\\/littlemonkeysagency.com\\\/trabaja-con-nosotros\\\/#primaryimage\"},\"image\":{\"@id\":\"https:\\\/\\\/littlemonkeysagency.com\\\/trabaja-con-nosotros\\\/#primaryimage\"},\"thumbnailUrl\":\"https:\\\/\\\/littlemonkeysagency.com\\\/wp-content\\\/uploads\\\/2023\\\/10\\\/LogoMonkeysWeb3-1.png\",\"datePublished\":\"2023-12-05T16:44:31+00:00\",\"dateModified\":\"2023-12-15T07:51:34+00:00\",\"description\":\"Descubre las oportunidades laborales con Little Monkeys. Conoce c\u00f3mo puedes formar parte de nuestro equipo envi\u00e1ndonos tu curr\u00edculum.\",\"breadcrumb\":{\"@id\":\"https:\\\/\\\/littlemonkeysagency.com\\\/trabaja-con-nosotros\\\/#breadcrumb\"},\"inLanguage\":\"ca\",\"potentialAction\":[{\"@type\":\"ReadAction\",\"target\":[\"https:\\\/\\\/littlemonkeysagency.com\\\/trabaja-con-nosotros\\\/\"]}]},{\"@type\":\"ImageObject\",\"inLanguage\":\"ca\",\"@id\":\"https:\\\/\\\/littlemonkeysagency.com\\\/trabaja-con-nosotros\\\/#primaryimage\",\"url\":\"https:\\\/\\\/littlemonkeysagency.com\\\/wp-content\\\/uploads\\\/2023\\\/10\\\/LogoMonkeysWeb3-1.png\",\"contentUrl\":\"https:\\\/\\\/littlemonkeysagency.com\\\/wp-content\\\/uploads\\\/2023\\\/10\\\/LogoMonkeysWeb3-1.png\",\"width\":312,\"height\":243,\"caption\":\"Little Monkeys\"},{\"@type\":\"BreadcrumbList\",\"@id\":\"https:\\\/\\\/littlemonkeysagency.com\\\/trabaja-con-nosotros\\\/#breadcrumb\",\"itemListElement\":[{\"@type\":\"ListItem\",\"position\":1,\"name\":\"Inicio\",\"item\":\"https:\\\/\\\/littlemonkeysagency.com\\\/\"},{\"@type\":\"ListItem\",\"position\":2,\"name\":\"Trabaja con nosotros\"}]},{\"@type\":\"WebSite\",\"@id\":\"https:\\\/\\\/littlemonkeysagency.com\\\/#website\",\"url\":\"https:\\\/\\\/littlemonkeysagency.com\\\/\",\"name\":\"Little Monkeys\",\"description\":\"Kids Model Agency\",\"publisher\":{\"@id\":\"https:\\\/\\\/littlemonkeysagency.com\\\/#organization\"},\"potentialAction\":[{\"@type\":\"SearchAction\",\"target\":{\"@type\":\"EntryPoint\",\"urlTemplate\":\"https:\\\/\\\/littlemonkeysagency.com\\\/?s={search_term_string}\"},\"query-input\":{\"@type\":\"PropertyValueSpecification\",\"valueRequired\":true,\"valueName\":\"search_term_string\"}}],\"inLanguage\":\"ca\"},{\"@type\":\"Organization\",\"@id\":\"https:\\\/\\\/littlemonkeysagency.com\\\/#organization\",\"name\":\"Little Monkeys\",\"url\":\"https:\\\/\\\/littlemonkeysagency.com\\\/\",\"logo\":{\"@type\":\"ImageObject\",\"inLanguage\":\"ca\",\"@id\":\"https:\\\/\\\/littlemonkeysagency.com\\\/#\\\/schema\\\/logo\\\/image\\\/\",\"url\":\"https:\\\/\\\/littlemonkeysagency.com\\\/wp-content\\\/uploads\\\/2023\\\/10\\\/image.png\",\"contentUrl\":\"https:\\\/\\\/littlemonkeysagency.com\\\/wp-content\\\/uploads\\\/2023\\\/10\\\/image.png\",\"width\":480,\"height\":320,\"caption\":\"Little Monkeys\"},\"image\":{\"@id\":\"https:\\\/\\\/littlemonkeysagency.com\\\/#\\\/schema\\\/logo\\\/image\\\/\"}}]}<\/script>\n<!-- \/ Yoast SEO plugin. -->","yoast_head_json":{"title":"Treballa amb nosaltres - Little Monkeys","description":"Descobriu les oportunitats laborals amb Little Monkeys. Coneix com pots formar part del nostre equip enviant-nos el teu curr\u00edculum.","robots":{"index":"index","follow":"follow","max-snippet":"max-snippet:-1","max-image-preview":"max-image-preview:large","max-video-preview":"max-video-preview:-1"},"canonical":"https:\/\/littlemonkeysagency.com\/ca\/treballa-amb-nosaltres\/","og_locale":"ca_ES","og_type":"article","og_title":"Trabaja con nosotros - Little Monkeys","og_description":"Descubre las oportunidades laborales con Little Monkeys. Conoce c\u00f3mo puedes formar parte de nuestro equipo envi\u00e1ndonos tu curr\u00edculum.","og_url":"https:\/\/littlemonkeysagency.com\/ca\/treballa-amb-nosaltres\/","og_site_name":"Little Monkeys","article_modified_time":"2023-12-15T07:51:34+00:00","og_image":[{"width":312,"height":243,"url":"https:\/\/littlemonkeysagency.com\/wp-content\/uploads\/2023\/10\/LogoMonkeysWeb3-1.png","type":"image\/png"}],"twitter_card":"summary_large_image","schema":{"@context":"https:\/\/schema.org","@graph":[{"@type":"WebPage","@id":"https:\/\/littlemonkeysagency.com\/trabaja-con-nosotros\/","url":"https:\/\/littlemonkeysagency.com\/trabaja-con-nosotros\/","name":"Treballa amb nosaltres - Little Monkeys","isPartOf":{"@id":"https:\/\/littlemonkeysagency.com\/#website"},"primaryImageOfPage":{"@id":"https:\/\/littlemonkeysagency.com\/trabaja-con-nosotros\/#primaryimage"},"image":{"@id":"https:\/\/littlemonkeysagency.com\/trabaja-con-nosotros\/#primaryimage"},"thumbnailUrl":"https:\/\/littlemonkeysagency.com\/wp-content\/uploads\/2023\/10\/LogoMonkeysWeb3-1.png","datePublished":"2023-12-05T16:44:31+00:00","dateModified":"2023-12-15T07:51:34+00:00","description":"Descobriu les oportunitats laborals amb Little Monkeys. Coneix com pots formar part del nostre equip enviant-nos el teu curr\u00edculum.","breadcrumb":{"@id":"https:\/\/littlemonkeysagency.com\/trabaja-con-nosotros\/#breadcrumb"},"inLanguage":"ca","potentialAction":[{"@type":"ReadAction","target":["https:\/\/littlemonkeysagency.com\/trabaja-con-nosotros\/"]}]},{"@type":"ImageObject","inLanguage":"ca","@id":"https:\/\/littlemonkeysagency.com\/trabaja-con-nosotros\/#primaryimage","url":"https:\/\/littlemonkeysagency.com\/wp-content\/uploads\/2023\/10\/LogoMonkeysWeb3-1.png","contentUrl":"https:\/\/littlemonkeysagency.com\/wp-content\/uploads\/2023\/10\/LogoMonkeysWeb3-1.png","width":312,"height":243,"caption":"Little Monkeys"},{"@type":"BreadcrumbList","@id":"https:\/\/littlemonkeysagency.com\/trabaja-con-nosotros\/#breadcrumb","itemListElement":[{"@type":"ListItem","position":1,"name":"Inicio","item":"https:\/\/littlemonkeysagency.com\/"},{"@type":"ListItem","position":2,"name":"Trabaja con nosotros"}]},{"@type":"WebSite","@id":"https:\/\/littlemonkeysagency.com\/#website","url":"https:\/\/littlemonkeysagency.com\/","name":"Little Monkeys","description":"Kids Model Agency","publisher":{"@id":"https:\/\/littlemonkeysagency.com\/#organization"},"potentialAction":[{"@type":"SearchAction","target":{"@type":"EntryPoint","urlTemplate":"https:\/\/littlemonkeysagency.com\/?s={search_term_string}"},"query-input":{"@type":"PropertyValueSpecification","valueRequired":true,"valueName":"search_term_string"}}],"inLanguage":"ca"},{"@type":"Organization","@id":"https:\/\/littlemonkeysagency.com\/#organization","name":"Little Monkeys","url":"https:\/\/littlemonkeysagency.com\/","logo":{"@type":"ImageObject","inLanguage":"ca","@id":"https:\/\/littlemonkeysagency.com\/#\/schema\/logo\/image\/","url":"https:\/\/littlemonkeysagency.com\/wp-content\/uploads\/2023\/10\/image.png","contentUrl":"https:\/\/littlemonkeysagency.com\/wp-content\/uploads\/2023\/10\/image.png","width":480,"height":320,"caption":"Little Monkeys"},"image":{"@id":"https:\/\/littlemonkeysagency.com\/#\/schema\/logo\/image\/"}}]}},"_links":{"self":[{"href":"https:\/\/littlemonkeysagency.com\/ca\/wp-json\/wp\/v2\/pages\/813","targetHints":{"allow":["GET"]}}],"collection":[{"href":"https:\/\/littlemonkeysagency.com\/ca\/wp-json\/wp\/v2\/pages"}],"about":[{"href":"https:\/\/littlemonkeysagency.com\/ca\/wp-json\/wp\/v2\/types\/page"}],"author":[{"embeddable":true,"href":"https:\/\/littlemonkeysagency.com\/ca\/wp-json\/wp\/v2\/users\/1"}],"replies":[{"embeddable":true,"href":"https:\/\/littlemonkeysagency.com\/ca\/wp-json\/wp\/v2\/comments?post=813"}],"version-history":[{"count":29,"href":"https:\/\/littlemonkeysagency.com\/ca\/wp-json\/wp\/v2\/pages\/813\/revisions"}],"predecessor-version":[{"id":1323,"href":"https:\/\/littlemonkeysagency.com\/ca\/wp-json\/wp\/v2\/pages\/813\/revisions\/1323"}],"wp:featuredmedia":[{"embeddable":true,"href":"https:\/\/littlemonkeysagency.com\/ca\/wp-json\/wp\/v2\/media\/1209"}],"wp:attachment":[{"href":"https:\/\/littlemonkeysagency.com\/ca\/wp-json\/wp\/v2\/media?parent=813"}],"curies":[{"name":"wp","href":"https:\/\/api.w.org\/{rel}","templated":true}]}}