{"id":88,"date":"2023-03-01T14:03:52","date_gmt":"2023-03-01T13:03:52","guid":{"rendered":"https:\/\/littlemonkeysagency.com\/?page_id=88"},"modified":"2023-05-19T12:25:54","modified_gmt":"2023-05-19T10:25:54","slug":"politica-de-cookies-2","status":"publish","type":"page","link":"https:\/\/littlemonkeysagency.com\/ca\/politica-de-cookies-2\/","title":{"rendered":"Pol\u00edtica de cookies"},"content":{"rendered":"<p>Aquest web utilitza cookies. Aqu\u00ed t&#039;expliquem qu\u00e8 s\u00f3n les cookies i com les fem servir a la nostra web. Pots canviar les teves prefer\u00e8ncies de cookies en qualsevol moment:<\/p>\n<p style=\"text-align: center;\"><a href=\"#\" class=\"_brlbs-btn-cookie-preference borlabs-cookie-preference\">Prefer\u00e8ncies de cookies<\/a><\/p>\n<hr \/>\n<p>En compliment de la Llei 34\/2002, d&#039;11 de juliol, de Serveis de la Societat de la Informaci\u00f3 i Comer\u00e7 Electr\u00f2nic, us informem que aquest lloc web, igual que la majoria dels llocs a Internet, utilitza Cookies per millorar i optimitzar lexperi\u00e8ncia de lusuari.<\/p>\n<p>A continuaci\u00f3 trobar\u00e0s informaci\u00f3 detallada sobre qu\u00e8 s\u00f3n les galetes, quina tipologia utilitza aquest lloc web, com canviar la configuraci\u00f3 de les teves galetes, i qu\u00e8 passa si deshabites les galetes.<\/p>\n<h2>Qu\u00e8 s\u00f3n les galetes?<\/h2>\n<p>Una galeta \u00e9s un petit fitxer que es descarrega a l&#039;equip de l&#039;usuari amb la finalitat d&#039;emmagatzemar dades, les quals podran ser actualitzades i recuperades per l&#039;entitat responsable de la instal\u00b7laci\u00f3.<\/p>\n<h2>Quin tipus de galetes utilitza aquesta p\u00e0gina web?<\/h2>\n<p>A continuaci\u00f3 es mostra una taula amb les galetes utilitzades en aquest lloc web. Pots informar-te de les transfer\u00e8ncies a tercers pa\u00efsos que, si escau, realitzen els tercers identificats en aquesta pol\u00edtica de cookies en les seves pol\u00edtiques corresponents.<\/p>\n<div class=\"BorlabsCookie\"><h3 class=\"_brlbs _brlbs-cg-essential\">Essencial<\/h3><p class=\"_brlbs _brlbs-cg-essential\">Les cookies essencials permeten funcions b\u00e0siques i s\u00f3n necess\u00e0ries per al funcionament correcte del lloc web.<\/p><h4 class=\"_brlbs _brlbs-c-borlabs-cookie\">Borlabs Cookie<\/h4><div class=\"_brlbs-responsive-table\"><table class=\"_brlbs _brlbs-c-borlabs-cookie\"><tr><th scope=\"row\">Nom<\/th><td>Borlabs Cookie<\/td><\/tr><tr><th scope=\"row\">Prove\u00efdor<\/th><td>Propietari d&#039;aquest lloc web<span>, <\/span><a href=\"https:\/\/littlemonkeysagency.com\/ca\/avis-legal\/\">Av\u00eds legal<\/a><\/td><\/tr><tr><th scope=\"row\">Prop\u00f2sit<\/th><td>Guarda les prefer\u00e8ncies dels visitants seleccionades a la Cookie Box de Borlabs Cookie.<\/td><\/tr><tr><th scope=\"row\">Nom de la galeta<\/th><td>borlabs-cookie<\/td><\/tr><tr><th scope=\"row\">Caducitat de la galeta<\/th><td>1 any<\/td><\/tr><\/table><\/div><h3 class=\"_brlbs _brlbs-cg-statistics\">Estad\u00edstiques<\/h3><p class=\"_brlbs _brlbs-cg-statistics\">Les galetes d&#039;estad\u00edstiques recullen informaci\u00f3 de manera an\u00f2nima. Aquesta informaci\u00f3 ens ajuda a entendre com els nostres visitants utilitzen el nostre lloc web.<\/p><h4 class=\"_brlbs _brlbs-c-google-analytics\">Google Analytics<\/h4><div class=\"_brlbs-responsive-table\"><table class=\"_brlbs _brlbs-c-google-analytics\"><tr><th scope=\"row\">Nom<\/th><td>Google Analytics<\/td><\/tr><tr><th scope=\"row\">Prove\u00efdor<\/th><td>Google Ireland Limited, Gordon House, Barrow Street, Dublin 4, Ireland<\/td><\/tr><tr><th scope=\"row\">Prop\u00f2sit<\/th><td>Cookie de Google utilitzada per a lan\u00e0lisi del lloc web. Genera dades estad\u00edstiques sobre com el visitant utilitza el lloc web.<\/td><\/tr><tr><th scope=\"row\">Pol\u00edtica de privadesa<\/th><td><a href=\"https:\/\/policies.google.com\/privacy?hl=en\" target=\"_blank\" rel=\"nofollow noopener noreferrer\">https:\/\/policies.google.com\/privacy?hl=en<\/a><\/td><\/tr><tr><th scope=\"row\">Nom de la galeta<\/th><td>_ga,_gat,_gid<\/td><\/tr><tr><th scope=\"row\">Caducitat de la galeta<\/th><td>2 mesos<\/td><\/tr><\/table><\/div><h3 class=\"_brlbs _brlbs-cg-external-media\">Mitjans externs<\/h3><p class=\"_brlbs _brlbs-cg-external-media\">El contingut de les plataformes de v\u00eddeo i de les plataformes de mitjans socials est\u00e0 bloquejat per defecte. Si s&#039;accepten galetes de mitjans externs, l&#039;acc\u00e9s a aquests continguts ja no requereix un consentiment manual.<\/p><h4 class=\"_brlbs _brlbs-c-googlemaps\">Google Maps<\/h4><div class=\"_brlbs-responsive-table\"><table class=\"_brlbs _brlbs-c-googlemaps\"><tr><th scope=\"row\">Nom<\/th><td>Google Maps<\/td><\/tr><tr><th scope=\"row\">Prove\u00efdor<\/th><td>Google Ireland Limited, Gordon House, Barrow Street, Dublin 4, Ireland<\/td><\/tr><tr><th scope=\"row\">Prop\u00f2sit<\/th><td>S&#039;utilitza per desbloquejar el contingut de Google Maps.<\/td><\/tr><tr><th scope=\"row\">Pol\u00edtica de privadesa<\/th><td><a href=\"https:\/\/policies.google.com\/privacy?hl=enl=en\" target=\"_blank\" rel=\"nofollow noopener noreferrer\">https:\/\/policies.google.com\/privacy?hl=enl=en<\/a><\/td><\/tr><tr><th scope=\"row\">Host(s)<\/th><td>.google.com<\/td><\/tr><tr><th scope=\"row\">Nom de la galeta<\/th><td>NID<\/td><\/tr><tr><th scope=\"row\">Caducitat de la galeta<\/th><td>6 mesos<\/td><\/tr><\/table><\/div><h4 class=\"_brlbs _brlbs-c-instagram\">Instagram<\/h4><div class=\"_brlbs-responsive-table\"><table class=\"_brlbs _brlbs-c-instagram\"><tr><th scope=\"row\">Nom<\/th><td>Instagram<\/td><\/tr><tr><th scope=\"row\">Prove\u00efdor<\/th><td>Meta Platforms Ireland Limited, 4 Grand Canal Square, Dublin 2, Ireland<\/td><\/tr><tr><th scope=\"row\">Prop\u00f2sit<\/th><td>S&#039;utilitza per desbloquejar el contingut d&#039;Instagram.<\/td><\/tr><tr><th scope=\"row\">Pol\u00edtica de privadesa<\/th><td><a href=\"https:\/\/www.instagram.com\/legal\/privacy\/\" target=\"_blank\" rel=\"nofollow noopener noreferrer\">https:\/\/www.instagram.com\/legal\/privacy\/<\/a><\/td><\/tr><tr><th scope=\"row\">Host(s)<\/th><td>.instagram.com<\/td><\/tr><tr><th scope=\"row\">Nom de la galeta<\/th><td>pigeon_state<\/td><\/tr><tr><th scope=\"row\">Caducitat de la galeta<\/th><td>Sessi\u00f3<\/td><\/tr><\/table><\/div><h4 class=\"_brlbs _brlbs-c-twitter\">Twitter<\/h4><div class=\"_brlbs-responsive-table\"><table class=\"_brlbs _brlbs-c-twitter\"><tr><th scope=\"row\">Nom<\/th><td>Twitter<\/td><\/tr><tr><th scope=\"row\">Prove\u00efdor<\/th><td>Twitter International Company, One Cumberland Place, Fenian Street, Dublin 2, D02 AX07, Ireland<\/td><\/tr><tr><th scope=\"row\">Prop\u00f2sit<\/th><td>Sutilitza per desbloquejar el contingut de Twitter.<\/td><\/tr><tr><th scope=\"row\">Pol\u00edtica de privadesa<\/th><td><a href=\"https:\/\/twitter.com\/privacy\" target=\"_blank\" rel=\"nofollow noopener noreferrer\">https:\/\/twitter.com\/privacy<\/a><\/td><\/tr><tr><th scope=\"row\">Host(s)<\/th><td>.twimg.com, .twitter.com<\/td><\/tr><tr><th scope=\"row\">Nom de la galeta<\/th><td>__widgetsettings, local_storage_support_test<\/td><\/tr><tr><th scope=\"row\">Caducitat de la galeta<\/th><td>Il\u00b7limitat<\/td><\/tr><\/table><\/div><h4 class=\"_brlbs _brlbs-c-vimeo\">Vimeo<\/h4><div class=\"_brlbs-responsive-table\"><table class=\"_brlbs _brlbs-c-vimeo\"><tr><th scope=\"row\">Nom<\/th><td>Vimeo<\/td><\/tr><tr><th scope=\"row\">Prove\u00efdor<\/th><td>Vimeo Inc., 555 West 18th Street, Nova York, Nova York 10011, USA<\/td><\/tr><tr><th scope=\"row\">Prop\u00f2sit<\/th><td>S&#039;utilitza per desbloquejar el contingut de Vimeo.<\/td><\/tr><tr><th scope=\"row\">Pol\u00edtica de privadesa<\/th><td><a href=\"https:\/\/vimeo.com\/privacy\" target=\"_blank\" rel=\"nofollow noopener noreferrer\">https:\/\/vimeo.com\/privacy<\/a><\/td><\/tr><tr><th scope=\"row\">Host(s)<\/th><td>player.vimeo.com<\/td><\/tr><tr><th scope=\"row\">Nom de la galeta<\/th><td>vuid<\/td><\/tr><tr><th scope=\"row\">Caducitat de la galeta<\/th><td>2 anys<\/td><\/tr><\/table><\/div><h4 class=\"_brlbs _brlbs-c-youtube\">YouTube<\/h4><div class=\"_brlbs-responsive-table\"><table class=\"_brlbs _brlbs-c-youtube\"><tr><th scope=\"row\">Nom<\/th><td>YouTube<\/td><\/tr><tr><th scope=\"row\">Prove\u00efdor<\/th><td>Google Ireland Limited, Gordon House, Barrow Street, Dublin 4, Ireland<\/td><\/tr><tr><th scope=\"row\">Prop\u00f2sit<\/th><td>S&#039;utilitza per desbloquejar el contingut de YouTube.<\/td><\/tr><tr><th scope=\"row\">Pol\u00edtica de privadesa<\/th><td><a href=\"https:\/\/policies.google.com\/privacy?hl=enl=en\" target=\"_blank\" rel=\"nofollow noopener noreferrer\">https:\/\/policies.google.com\/privacy?hl=enl=en<\/a><\/td><\/tr><tr><th scope=\"row\">Host(s)<\/th><td>google.com<\/td><\/tr><tr><th scope=\"row\">Nom de la galeta<\/th><td>NID<\/td><\/tr><tr><th scope=\"row\">Caducitat de la galeta<\/th><td>6 mesos<\/td><\/tr><\/table><\/div><\/div>\n<h2>Com pots configurar les galetes?<\/h2>\n<p>En navegar i continuar al nostre lloc web, estar\u00e0s consentint l&#039;\u00fas de les Cookies en les condicions contingudes a la present Pol\u00edtica de Cookies. Com a usuari, teniu la possibilitat d&#039;exercir el vostre dret a bloquejar, eliminar i rebutjar l&#039;\u00fas de Cookies, en tot moment, modificant les opcions del vostre navegador.<\/p>\n<p>Per exemple:<\/p>\n<ol>\n<li>Internet Explorer: Eines &gt; Opcions d&#039;Internet &gt; Privadesa &gt; Configuraci\u00f3. Per a m\u00e9s informaci\u00f3, podeu consultar el suport de Microsoft o l&#039;Ajuda del navegador.<\/li>\n<li>Mozilla Firefox: Eines &gt; Opcions &gt; Privadesa &gt; Historial &gt; Configuraci\u00f3 Personalitzada. Per a m\u00e9s informaci\u00f3, podeu consultar el suport de Mozilla o l&#039;Ajuda del navegador.<\/li>\n<li>Google Chrome: Configuraci\u00f3 &gt; Mostra opcions avan\u00e7ades &gt; Privadesa -&gt; Configuraci\u00f3 de contingut. Per a m\u00e9s informaci\u00f3, podeu consultar el suport de Google o l&#039;Ajuda del navegador.<\/li>\n<li>Safari: Prefer\u00e8ncies &gt; Seguretat. Per a m\u00e9s informaci\u00f3, podeu consultar el suport d&#039;Apple o l&#039;Ajuda del navegador.<\/li>\n<li>Opera: Configuraci\u00f3 &gt; Opcions &gt; Avan\u00e7at &gt; Cookies Per a m\u00e9s informaci\u00f3, podeu consultar el suport d&#039;Opera o l&#039;Ajuda del navegador.<\/li>\n<\/ol>\n<p>Si utilitzeu un altre navegador diferent dels anteriors, consulteu la vostra pol\u00edtica d&#039;instal\u00b7laci\u00f3, \u00fas i bloqueig de cookies.<\/p>\n<h2>El teu historial de consentiment<\/h2>\n<div class=\"BorlabsCookie\" data-borlabs-cookie-consent-history><div class=\"_brlbs-responsive-table\"><table class=\"_brlbs-table\"><thead><tr><th class=\"_brlbs-table-date\" scope=\"col\">Data<\/th><th class=\"_brlbs-table-version\" scope=\"col\">Versi\u00f3<\/th><th class=\"_brlbs-table-consents\" scope=\"col\">Consentiments<\/th><\/tr><\/thead><\/table><\/div><\/div>\n<h2>Qu\u00e8 passa si es deshabiliten les galetes?<\/h2>\n<p>Algunes funcionalitats dels serveis o \u00e0rees d&#039;aquest lloc web podrien no funcionar correctament.<\/p>\n<h2>Actualitzem la nostra pol\u00edtica de galetes?<\/h2>\n<p>\u00c9s possible que actualitzem la pol\u00edtica de Cookies de la nostra p\u00e0gina web, per aix\u00f2, els nostres advocats ens demanen que et recomanem revisar aquesta pol\u00edtica cada cop que accedeixis al nostre lloc web, amb l&#039;objectiu d&#039;estar adequadament informat sobre com i perqu\u00e8 fem servir les Cookies .<\/p>","protected":false},"excerpt":{"rendered":"<p>Aquest web utilitza cookies. Aqu\u00ed t&#039;expliquem qu\u00e8 s\u00f3n les cookies i com les fem servir a la nostra web. Podeu canviar les vostres prefer\u00e8ncies de cookies en qualsevol moment: En compliment de la Llei 34\/2002, d&#039;11 de juliol, de Serveis de la Societat de la Informaci\u00f3 i Comer\u00e7 Electr\u00f2nic, us informem que aquest lloc web, [\u2026]<\/p>","protected":false},"author":1,"featured_media":0,"parent":0,"menu_order":10,"comment_status":"closed","ping_status":"closed","template":"","meta":{"site-sidebar-layout":"no-sidebar","site-content-layout":"default","ast-site-content-layout":"default","site-content-style":"default","site-sidebar-style":"default","ast-global-header-display":"","ast-banner-title-visibility":"","ast-main-header-display":"","ast-hfb-above-header-display":"","ast-hfb-below-header-display":"","ast-hfb-mobile-header-display":"","site-post-title":"","ast-breadcrumbs-content":"","ast-featured-img":"","footer-sml-layout":"","ast-disable-related-posts":"","theme-transparent-header-meta":"default","adv-header-id-meta":"","stick-header-meta":"default","header-above-stick-meta":"","header-main-stick-meta":"","header-below-stick-meta":"","astra-migrate-meta-layouts":"default","ast-page-background-enabled":"default","ast-page-background-meta":{"desktop":{"background-color":"","background-image":"","background-repeat":"repeat","background-position":"center center","background-size":"auto","background-attachment":"scroll","background-type":"","background-media":"","overlay-type":"","overlay-color":"","overlay-opacity":"","overlay-gradient":""},"tablet":{"background-color":"","background-image":"","background-repeat":"repeat","background-position":"center center","background-size":"auto","background-attachment":"scroll","background-type":"","background-media":"","overlay-type":"","overlay-color":"","overlay-opacity":"","overlay-gradient":""},"mobile":{"background-color":"","background-image":"","background-repeat":"repeat","background-position":"center center","background-size":"auto","background-attachment":"scroll","background-type":"","background-media":"","overlay-type":"","overlay-color":"","overlay-opacity":"","overlay-gradient":""}},"ast-content-background-meta":{"desktop":{"background-color":"var(--ast-global-color-5)","background-image":"","background-repeat":"repeat","background-position":"center center","background-size":"auto","background-attachment":"scroll","background-type":"","background-media":"","overlay-type":"","overlay-color":"","overlay-opacity":"","overlay-gradient":""},"tablet":{"background-color":"var(--ast-global-color-5)","background-image":"","background-repeat":"repeat","background-position":"center center","background-size":"auto","background-attachment":"scroll","background-type":"","background-media":"","overlay-type":"","overlay-color":"","overlay-opacity":"","overlay-gradient":""},"mobile":{"background-color":"var(--ast-global-color-5)","background-image":"","background-repeat":"repeat","background-position":"center center","background-size":"auto","background-attachment":"scroll","background-type":"","background-media":"","overlay-type":"","overlay-color":"","overlay-opacity":"","overlay-gradient":""}},"footnotes":""},"class_list":["post-88","page","type-page","status-publish","hentry"],"yoast_head":"<!-- This site is optimized with the Yoast SEO plugin v26.9 - https:\/\/yoast.com\/product\/yoast-seo-wordpress\/ -->\n<title>Pol\u00edtica de cookies - Little Monkeys<\/title>\n<meta name=\"description\" content=\"Pol\u00edtica de cookies de Little Monkeys\" \/>\n<meta name=\"robots\" content=\"index, follow, max-snippet:-1, max-image-preview:large, max-video-preview:-1\" \/>\n<link rel=\"canonical\" href=\"https:\/\/littlemonkeysagency.com\/ca\/politica-de-cookies-2\/\" \/>\n<meta property=\"og:locale\" content=\"ca_ES\" \/>\n<meta property=\"og:type\" content=\"article\" \/>\n<meta property=\"og:title\" content=\"Pol\u00edtica de cookies - Little Monkeys\" \/>\n<meta property=\"og:description\" content=\"Pol\u00edtica de cookies de Little Monkeys\" \/>\n<meta property=\"og:url\" content=\"https:\/\/littlemonkeysagency.com\/ca\/politica-de-cookies-2\/\" \/>\n<meta property=\"og:site_name\" content=\"Little Monkeys\" \/>\n<meta property=\"article:modified_time\" content=\"2023-05-19T10:25:54+00:00\" \/>\n<meta property=\"og:image\" content=\"https:\/\/littlemonkeysagency.com\/wp-content\/uploads\/2023\/10\/image.png\" \/>\n\t<meta property=\"og:image:width\" content=\"480\" \/>\n\t<meta property=\"og:image:height\" content=\"320\" \/>\n\t<meta property=\"og:image:type\" content=\"image\/png\" \/>\n<meta name=\"twitter:card\" content=\"summary_large_image\" \/>\n<script type=\"application\/ld+json\" class=\"yoast-schema-graph\">{\"@context\":\"https:\/\/schema.org\",\"@graph\":[{\"@type\":\"WebPage\",\"@id\":\"https:\/\/littlemonkeysagency.com\/politica-de-cookies\/\",\"url\":\"https:\/\/littlemonkeysagency.com\/politica-de-cookies\/\",\"name\":\"Pol\u00edtica de cookies - Little Monkeys\",\"isPartOf\":{\"@id\":\"https:\/\/littlemonkeysagency.com\/#website\"},\"datePublished\":\"2023-03-01T13:03:52+00:00\",\"dateModified\":\"2023-05-19T10:25:54+00:00\",\"description\":\"Pol\u00edtica de cookies de Little Monkeys\",\"breadcrumb\":{\"@id\":\"https:\/\/littlemonkeysagency.com\/politica-de-cookies\/#breadcrumb\"},\"inLanguage\":\"ca\",\"potentialAction\":[{\"@type\":\"ReadAction\",\"target\":[\"https:\/\/littlemonkeysagency.com\/politica-de-cookies\/\"]}]},{\"@type\":\"BreadcrumbList\",\"@id\":\"https:\/\/littlemonkeysagency.com\/politica-de-cookies\/#breadcrumb\",\"itemListElement\":[{\"@type\":\"ListItem\",\"position\":1,\"name\":\"Inicio\",\"item\":\"https:\/\/littlemonkeysagency.com\/\"},{\"@type\":\"ListItem\",\"position\":2,\"name\":\"Pol\u00edtica de cookies\"}]},{\"@type\":\"WebSite\",\"@id\":\"https:\/\/littlemonkeysagency.com\/#website\",\"url\":\"https:\/\/littlemonkeysagency.com\/\",\"name\":\"Little Monkeys\",\"description\":\"Kids Model Agency\",\"publisher\":{\"@id\":\"https:\/\/littlemonkeysagency.com\/#organization\"},\"potentialAction\":[{\"@type\":\"SearchAction\",\"target\":{\"@type\":\"EntryPoint\",\"urlTemplate\":\"https:\/\/littlemonkeysagency.com\/?s={search_term_string}\"},\"query-input\":{\"@type\":\"PropertyValueSpecification\",\"valueRequired\":true,\"valueName\":\"search_term_string\"}}],\"inLanguage\":\"ca\"},{\"@type\":\"Organization\",\"@id\":\"https:\/\/littlemonkeysagency.com\/#organization\",\"name\":\"Little Monkeys\",\"url\":\"https:\/\/littlemonkeysagency.com\/\",\"logo\":{\"@type\":\"ImageObject\",\"inLanguage\":\"ca\",\"@id\":\"https:\/\/littlemonkeysagency.com\/#\/schema\/logo\/image\/\",\"url\":\"https:\/\/littlemonkeysagency.com\/wp-content\/uploads\/2023\/10\/image.png\",\"contentUrl\":\"https:\/\/littlemonkeysagency.com\/wp-content\/uploads\/2023\/10\/image.png\",\"width\":480,\"height\":320,\"caption\":\"Little Monkeys\"},\"image\":{\"@id\":\"https:\/\/littlemonkeysagency.com\/#\/schema\/logo\/image\/\"}}]}<\/script>\n<!-- \/ Yoast SEO plugin. -->","yoast_head_json":{"title":"Pol\u00edtica de cookies - Little Monkeys","description":"Pol\u00edtica de galetes de Little Monkeys","robots":{"index":"index","follow":"follow","max-snippet":"max-snippet:-1","max-image-preview":"max-image-preview:large","max-video-preview":"max-video-preview:-1"},"canonical":"https:\/\/littlemonkeysagency.com\/ca\/politica-de-cookies-2\/","og_locale":"ca_ES","og_type":"article","og_title":"Pol\u00edtica de cookies - Little Monkeys","og_description":"Pol\u00edtica de cookies de Little Monkeys","og_url":"https:\/\/littlemonkeysagency.com\/ca\/politica-de-cookies-2\/","og_site_name":"Little Monkeys","article_modified_time":"2023-05-19T10:25:54+00:00","og_image":[{"width":480,"height":320,"url":"https:\/\/littlemonkeysagency.com\/wp-content\/uploads\/2023\/10\/image.png","type":"image\/png"}],"twitter_card":"summary_large_image","schema":{"@context":"https:\/\/schema.org","@graph":[{"@type":"WebPage","@id":"https:\/\/littlemonkeysagency.com\/politica-de-cookies\/","url":"https:\/\/littlemonkeysagency.com\/politica-de-cookies\/","name":"Pol\u00edtica de cookies - Little Monkeys","isPartOf":{"@id":"https:\/\/littlemonkeysagency.com\/#website"},"datePublished":"2023-03-01T13:03:52+00:00","dateModified":"2023-05-19T10:25:54+00:00","description":"Pol\u00edtica de galetes de Little Monkeys","breadcrumb":{"@id":"https:\/\/littlemonkeysagency.com\/politica-de-cookies\/#breadcrumb"},"inLanguage":"ca","potentialAction":[{"@type":"ReadAction","target":["https:\/\/littlemonkeysagency.com\/politica-de-cookies\/"]}]},{"@type":"BreadcrumbList","@id":"https:\/\/littlemonkeysagency.com\/politica-de-cookies\/#breadcrumb","itemListElement":[{"@type":"ListItem","position":1,"name":"Inicio","item":"https:\/\/littlemonkeysagency.com\/"},{"@type":"ListItem","position":2,"name":"Pol\u00edtica de cookies"}]},{"@type":"WebSite","@id":"https:\/\/littlemonkeysagency.com\/#website","url":"https:\/\/littlemonkeysagency.com\/","name":"Little Monkeys","description":"Kids Model Agency","publisher":{"@id":"https:\/\/littlemonkeysagency.com\/#organization"},"potentialAction":[{"@type":"SearchAction","target":{"@type":"EntryPoint","urlTemplate":"https:\/\/littlemonkeysagency.com\/?s={search_term_string}"},"query-input":{"@type":"PropertyValueSpecification","valueRequired":true,"valueName":"search_term_string"}}],"inLanguage":"ca"},{"@type":"Organization","@id":"https:\/\/littlemonkeysagency.com\/#organization","name":"Little Monkeys","url":"https:\/\/littlemonkeysagency.com\/","logo":{"@type":"ImageObject","inLanguage":"ca","@id":"https:\/\/littlemonkeysagency.com\/#\/schema\/logo\/image\/","url":"https:\/\/littlemonkeysagency.com\/wp-content\/uploads\/2023\/10\/image.png","contentUrl":"https:\/\/littlemonkeysagency.com\/wp-content\/uploads\/2023\/10\/image.png","width":480,"height":320,"caption":"Little Monkeys"},"image":{"@id":"https:\/\/littlemonkeysagency.com\/#\/schema\/logo\/image\/"}}]}},"_links":{"self":[{"href":"https:\/\/littlemonkeysagency.com\/ca\/wp-json\/wp\/v2\/pages\/88","targetHints":{"allow":["GET"]}}],"collection":[{"href":"https:\/\/littlemonkeysagency.com\/ca\/wp-json\/wp\/v2\/pages"}],"about":[{"href":"https:\/\/littlemonkeysagency.com\/ca\/wp-json\/wp\/v2\/types\/page"}],"author":[{"embeddable":true,"href":"https:\/\/littlemonkeysagency.com\/ca\/wp-json\/wp\/v2\/users\/1"}],"replies":[{"embeddable":true,"href":"https:\/\/littlemonkeysagency.com\/ca\/wp-json\/wp\/v2\/comments?post=88"}],"version-history":[{"count":0,"href":"https:\/\/littlemonkeysagency.com\/ca\/wp-json\/wp\/v2\/pages\/88\/revisions"}],"wp:attachment":[{"href":"https:\/\/littlemonkeysagency.com\/ca\/wp-json\/wp\/v2\/media?parent=88"}],"curies":[{"name":"wp","href":"https:\/\/api.w.org\/{rel}","templated":true}]}}