{"id":395,"date":"2023-10-25T11:40:14","date_gmt":"2023-10-25T09:40:14","guid":{"rendered":"https:\/\/littlemonkeysagency.com\/?page_id=395"},"modified":"2023-12-19T10:00:08","modified_gmt":"2023-12-19T09:00:08","slug":"contact","status":"publish","type":"page","link":"https:\/\/littlemonkeysagency.com\/en\/contacto\/","title":{"rendered":"Contact"},"content":{"rendered":"<div data-elementor-type=\"wp-page\" data-elementor-id=\"395\" class=\"elementor elementor-395\" data-elementor-post-type=\"page\">\n\t\t\t\t\t\t<section class=\"elementor-section elementor-top-section elementor-element elementor-element-399d1e57 elementor-section-height-full elementor-section-boxed elementor-section-height-default elementor-section-items-middle\" data-id=\"399d1e57\" data-element_type=\"section\" data-e-type=\"section\" data-settings=\"{&quot;background_background&quot;:&quot;classic&quot;}\">\n\t\t\t\t\t\t<div class=\"elementor-container elementor-column-gap-default\">\n\t\t\t\t\t<div class=\"elementor-column elementor-col-100 elementor-top-column elementor-element elementor-element-4ac4b9f9 elementor-hidden-mobile\" data-id=\"4ac4b9f9\" data-element_type=\"column\" data-e-type=\"column\">\n\t\t\t<div class=\"elementor-widget-wrap elementor-element-populated\">\n\t\t\t\t\t\t<div class=\"elementor-element elementor-element-324b30a7 elementor-widget elementor-widget-html\" data-id=\"324b30a7\" data-element_type=\"widget\" data-e-type=\"widget\" data-widget_type=\"html.default\">\n\t\t\t\t<div class=\"elementor-widget-container\">\n\t\t\t\t\t\n<div class=\"middle\">\n  <div class=\"mouse\">\n\n  <\/div>\n<\/div>\n\t\t\t\t<\/div>\n\t\t\t\t<\/div>\n\t\t\t\t\t<\/div>\n\t\t<\/div>\n\t\t\t\t\t<\/div>\n\t\t<\/section>\n\t\t\t\t<section class=\"elementor-section elementor-top-section elementor-element elementor-element-25167b43 elementor-section-boxed elementor-section-height-default elementor-section-height-default\" data-id=\"25167b43\" data-element_type=\"section\" data-e-type=\"section\" data-settings=\"{&quot;background_background&quot;:&quot;classic&quot;}\">\n\t\t\t\t\t\t\t<div class=\"elementor-background-overlay\"><\/div>\n\t\t\t\t\t\t\t<div class=\"elementor-container elementor-column-gap-default\">\n\t\t\t\t\t<div class=\"elementor-column elementor-col-100 elementor-top-column elementor-element elementor-element-3a451ce\" data-id=\"3a451ce\" data-element_type=\"column\" data-e-type=\"column\">\n\t\t\t<div class=\"elementor-widget-wrap elementor-element-populated\">\n\t\t\t\t\t<div class=\"elementor-background-overlay\"><\/div>\n\t\t\t\t\t\t<section class=\"elementor-section elementor-inner-section elementor-element elementor-element-2244ccaf elementor-section-boxed elementor-section-height-default elementor-section-height-default\" data-id=\"2244ccaf\" data-element_type=\"section\" data-e-type=\"section\">\n\t\t\t\t\t\t<div class=\"elementor-container elementor-column-gap-default\">\n\t\t\t\t\t<div class=\"elementor-column elementor-col-100 elementor-inner-column elementor-element elementor-element-b0e9cd4\" data-id=\"b0e9cd4\" data-element_type=\"column\" data-e-type=\"column\">\n\t\t\t<div class=\"elementor-widget-wrap\">\n\t\t\t\t\t\t\t<\/div>\n\t\t<\/div>\n\t\t\t\t\t<\/div>\n\t\t<\/section>\n\t\t\t\t<div class=\"elementor-element elementor-element-6f6635d elementor-widget elementor-widget-google_maps\" data-id=\"6f6635d\" data-element_type=\"widget\" data-e-type=\"widget\" data-widget_type=\"google_maps.default\">\n\t\t\t\t<div class=\"elementor-widget-container\">\n\t\t\t\t\t\t\t<div class=\"elementor-custom-embed\">\n\t\t\t<div class=\"BorlabsCookie _brlbs-cb-googlemaps\"><div class=\"_brlbs-content-blocker\"> <div class=\"_brlbs-embed _brlbs-google-maps\"> <img decoding=\"async\" class=\"_brlbs-thumbnail\" src=\"https:\/\/littlemonkeysagency.com\/wp-content\/plugins\/borlabs-cookie\/assets\/images\/cb-maps.png\" alt=\"Google Maps\"> <div class=\"_brlbs-caption\"> <p>By uploading the map, you agree to Google&#039;s privacy policy.<br><a href=\"https:\/\/policies.google.com\/privacy?hl=en&gl=en\" target=\"_blank\" rel=\"nofollow noopener noreferrer\">More information<\/a><\/p> <p><a class=\"_brlbs-btn\" href=\"#\" data-borlabs-cookie-unblock role=\"button\">Load the map<\/a><\/p> <p><label><input type=\"checkbox\" name=\"unblockAll\" value=\"1\" checked> <small>Always unblock Google Maps<\/small><\/label><\/p> <\/div> <\/div> <\/div><div class=\"borlabs-hide\" data-borlabs-cookie-type=\"content-blocker\" data-borlabs-cookie-id=\"googlemaps\"><script type=\"text\/template\">PGlmcmFtZSBsb2FkaW5nPSJsYXp5IgoJCQkJCXNyYz0iaHR0cHM6Ly9tYXBzLmdvb2dsZS5jb20vbWFwcz9xPUxpdHRsZSUyME1vbmtleXMlMjBNb2RlbCUyMEFnZW5jeSYjMDM4O3Q9bSYjMDM4O3o9MTAmIzAzODtvdXRwdXQ9ZW1iZWQmIzAzODtpd2xvYz1uZWFyIgoJCQkJCXRpdGxlPSJMaXR0bGUgTW9ua2V5cyBNb2RlbCBBZ2VuY3kiCgkJCQkJYXJpYS1sYWJlbD0iTGl0dGxlIE1vbmtleXMgTW9kZWwgQWdlbmN5IgoJCQk+PC9pZnJhbWU+<\/script><\/div><\/div>\n\t\t<\/div>\n\t\t\t\t\t\t<\/div>\n\t\t\t\t<\/div>\n\t\t\t\t<div class=\"elementor-element elementor-element-821bf2b elementor-widget elementor-widget-heading\" data-id=\"821bf2b\" data-element_type=\"widget\" data-e-type=\"widget\" data-widget_type=\"heading.default\">\n\t\t\t\t<div class=\"elementor-widget-container\">\n\t\t\t\t\t<h1 class=\"elementor-heading-title elementor-size-default\">Contact<\/h1>\t\t\t\t<\/div>\n\t\t\t\t<\/div>\n\t\t\t\t<div class=\"elementor-element elementor-element-567ee0ad elementor-hidden-mobile elementor-widget elementor-widget-spacer\" data-id=\"567ee0ad\" data-element_type=\"widget\" data-e-type=\"widget\" data-widget_type=\"spacer.default\">\n\t\t\t\t<div class=\"elementor-widget-container\">\n\t\t\t\t\t\t\t<div class=\"elementor-spacer\">\n\t\t\t<div class=\"elementor-spacer-inner\"><\/div>\n\t\t<\/div>\n\t\t\t\t\t\t<\/div>\n\t\t\t\t<\/div>\n\t\t\t\t<section class=\"elementor-section elementor-inner-section elementor-element elementor-element-702edb63 elementor-section-content-top elementor-section-boxed elementor-section-height-default elementor-section-height-default\" data-id=\"702edb63\" data-element_type=\"section\" data-e-type=\"section\">\n\t\t\t\t\t\t<div class=\"elementor-container elementor-column-gap-wider\">\n\t\t\t\t\t<div class=\"elementor-column elementor-col-50 elementor-inner-column elementor-element elementor-element-21ee9590\" data-id=\"21ee9590\" data-element_type=\"column\" data-e-type=\"column\">\n\t\t\t<div class=\"elementor-widget-wrap elementor-element-populated\">\n\t\t\t\t\t\t<div class=\"elementor-element elementor-element-da52b9b elementor-hidden-mobile elementor-widget__width-initial elementor-widget elementor-widget-theme-site-logo elementor-widget-image\" data-id=\"da52b9b\" data-element_type=\"widget\" data-e-type=\"widget\" data-widget_type=\"theme-site-logo.default\">\n\t\t\t\t<div class=\"elementor-widget-container\">\n\t\t\t\t\t\t\t\t\t\t\t<a href=\"https:\/\/littlemonkeysagency.com\/en\">\n\t\t\t<img fetchpriority=\"high\" decoding=\"async\" width=\"300\" height=\"200\" src=\"https:\/\/littlemonkeysagency.com\/wp-content\/uploads\/2023\/10\/image.png\" class=\"attachment-medium size-medium wp-image-414\" alt=\"Little Monkeys - Logo\" srcset=\"https:\/\/littlemonkeysagency.com\/wp-content\/uploads\/2023\/10\/image-300x200.png 300w, https:\/\/littlemonkeysagency.com\/wp-content\/uploads\/2023\/10\/image-18x12.png 18w, https:\/\/littlemonkeysagency.com\/wp-content\/uploads\/2023\/10\/image.png 480w\" sizes=\"(max-width: 300px) 100vw, 300px\" \/>\t\t\t\t<\/a>\n\t\t\t\t\t\t\t\t\t\t\t<\/div>\n\t\t\t\t<\/div>\n\t\t\t\t<div class=\"elementor-element elementor-element-47d0504 elementor-widget elementor-widget-heading\" data-id=\"47d0504\" data-element_type=\"widget\" data-e-type=\"widget\" data-widget_type=\"heading.default\">\n\t\t\t\t<div class=\"elementor-widget-container\">\n\t\t\t\t\t<h2 class=\"elementor-heading-title elementor-size-large\">Little Monkeys<\/h2>\t\t\t\t<\/div>\n\t\t\t\t<\/div>\n\t\t\t\t<div class=\"elementor-element elementor-element-7af5001 elementor-widget elementor-widget-text-editor\" data-id=\"7af5001\" data-element_type=\"widget\" data-e-type=\"widget\" data-widget_type=\"text-editor.default\">\n\t\t\t\t<div class=\"elementor-widget-container\">\n\t\t\t\t\t\t\t\t\t<p><a style=\"font-size: 16px;\" href=\"https:\/\/goo.gl\/maps\/pigVaRxYrdv2N9xV7\">Calle Modolell 60 (Local), 08021 Barcelona<\/a><\/p><p>Tel. 93 525 33 26<\/p>\t\t\t\t\t\t\t\t<\/div>\n\t\t\t\t<\/div>\n\t\t\t\t\t<\/div>\n\t\t<\/div>\n\t\t\t\t<div class=\"elementor-column elementor-col-50 elementor-inner-column elementor-element elementor-element-4a176cb3\" data-id=\"4a176cb3\" data-element_type=\"column\" data-e-type=\"column\">\n\t\t\t<div class=\"elementor-widget-wrap elementor-element-populated\">\n\t\t\t\t\t\t<div class=\"elementor-element elementor-element-9ad3015 elementor-widget elementor-widget-text-editor\" data-id=\"9ad3015\" data-element_type=\"widget\" data-e-type=\"widget\" data-widget_type=\"text-editor.default\">\n\t\t\t\t<div class=\"elementor-widget-container\">\n\t\t\t\t\t\t\t\t\t<h2>Martha Pons<\/h2><p><strong>FOUNDER &amp; CEO<br \/>Booker Director \/ New Registrations \/ Customer Service<\/strong><br \/><a href=\"mailto:marta@littlemonkeysagency.com\"><strong>marta@littlemonkeysagency.com<\/strong><\/a><br \/>Tel. 606 44 44 46<\/p><h2>Sara Fontcuberta<\/h2><p><strong>DIRECTOR &amp; CEO<\/strong><strong><br \/>Booker National Department and Canary Islands<\/strong><br \/><a href=\"mailto:sara@littlemonkeysagency.com\"><strong>sara@littlemonkeysagency.com<\/strong><\/a><br \/>Tel. 669 71 06 06<\/p><h2>Cristina Rebull<\/h2><p><strong>Administration \/ Booker <\/strong><strong>fiction<\/strong><br \/><a href=\"mailto:cristina@littlemonkeysagency.com\"><strong>cristina@littlemonkeysagency.com<\/strong><\/a><br \/>Tel. 682 046 159<\/p><h2>Claudia Voigt<\/h2><p><strong>Booker \/ Tab update<\/strong><br \/><a href=\"mailto:claudia@littlemonkeysagency.com\"><strong>claudia@littlemonkeysagency.com<\/strong><\/a><br \/>Tel. 630 150 923<\/p><h2>Jan Fontcuberta<\/h2><p><strong>Administration<\/strong><br \/><strong><a href=\"mailto:jan@littlemonkeysagency.com\">jan@littlemonkeysagency.com<\/a><\/strong><\/p>\t\t\t\t\t\t\t\t<\/div>\n\t\t\t\t<\/div>\n\t\t\t\t\t<\/div>\n\t\t<\/div>\n\t\t\t\t\t<\/div>\n\t\t<\/section>\n\t\t\t\t\t<\/div>\n\t\t<\/div>\n\t\t\t\t\t<\/div>\n\t\t<\/section>\n\t\t\t\t<\/div>","protected":false},"excerpt":{"rendered":"<p>Al cargar el mapa, acepta la pol\u00edtica de privacidad de Google.M\u00e1s informaci\u00f3n Cargar el mapa Desbloquear Google Maps siempre Contacto Little Monkeys Calle Modolell 60 (Local), 08021 Barcelona Tel. 93 525 33 26 Marta Pons FOUNDER &amp; CEOBooker Director \/ Nuevos Registros \/ Atenci\u00f3n al Clientemarta@littlemonkeysagency.comTel. 606 44 44 46 Sara Fontcuberta DIRECTOR &amp; CEOBooker [&hellip;]<\/p>\n","protected":false},"author":1,"featured_media":1209,"parent":0,"menu_order":7,"comment_status":"closed","ping_status":"closed","template":"","meta":{"site-sidebar-layout":"no-sidebar","site-content-layout":"page-builder","ast-site-content-layout":"full-width-container","site-content-style":"default","site-sidebar-style":"default","ast-global-header-display":"","ast-banner-title-visibility":"","ast-main-header-display":"","ast-hfb-above-header-display":"","ast-hfb-below-header-display":"","ast-hfb-mobile-header-display":"","site-post-title":"disabled","ast-breadcrumbs-content":"","ast-featured-img":"disabled","footer-sml-layout":"","ast-disable-related-posts":"","theme-transparent-header-meta":"default","adv-header-id-meta":"","stick-header-meta":"default","header-above-stick-meta":"","header-main-stick-meta":"","header-below-stick-meta":"","astra-migrate-meta-layouts":"set","ast-page-background-enabled":"default","ast-page-background-meta":{"desktop":{"background-color":"","background-image":"","background-repeat":"repeat","background-position":"center center","background-size":"auto","background-attachment":"scroll","background-type":"","background-media":"","overlay-type":"","overlay-color":"","overlay-opacity":"","overlay-gradient":""},"tablet":{"background-color":"","background-image":"","background-repeat":"repeat","background-position":"center center","background-size":"auto","background-attachment":"scroll","background-type":"","background-media":"","overlay-type":"","overlay-color":"","overlay-opacity":"","overlay-gradient":""},"mobile":{"background-color":"","background-image":"","background-repeat":"repeat","background-position":"center center","background-size":"auto","background-attachment":"scroll","background-type":"","background-media":"","overlay-type":"","overlay-color":"","overlay-opacity":"","overlay-gradient":""}},"ast-content-background-meta":{"desktop":{"background-color":"var(--ast-global-color-5)","background-image":"","background-repeat":"repeat","background-position":"center center","background-size":"auto","background-attachment":"scroll","background-type":"","background-media":"","overlay-type":"","overlay-color":"","overlay-opacity":"","overlay-gradient":""},"tablet":{"background-color":"var(--ast-global-color-5)","background-image":"","background-repeat":"repeat","background-position":"center center","background-size":"auto","background-attachment":"scroll","background-type":"","background-media":"","overlay-type":"","overlay-color":"","overlay-opacity":"","overlay-gradient":""},"mobile":{"background-color":"var(--ast-global-color-5)","background-image":"","background-repeat":"repeat","background-position":"center center","background-size":"auto","background-attachment":"scroll","background-type":"","background-media":"","overlay-type":"","overlay-color":"","overlay-opacity":"","overlay-gradient":""}},"footnotes":""},"class_list":["post-395","page","type-page","status-publish","has-post-thumbnail","hentry"],"yoast_head":"<!-- This site is optimized with the Yoast SEO plugin v27.4 - https:\/\/yoast.com\/product\/yoast-seo-wordpress\/ -->\n<title>Contacto - Little Monkeys<\/title>\n<meta name=\"description\" content=\"Cont\u00e1ctanos para cualquier consulta o informaci\u00f3n adicional. Estamos aqu\u00ed para ayudarte.\" \/>\n<meta name=\"robots\" content=\"index, follow, max-snippet:-1, max-image-preview:large, max-video-preview:-1\" \/>\n<link rel=\"canonical\" href=\"https:\/\/littlemonkeysagency.com\/en\/contact\/\" \/>\n<meta property=\"og:locale\" content=\"en_US\" \/>\n<meta property=\"og:type\" content=\"article\" \/>\n<meta property=\"og:title\" content=\"Contacto - Little Monkeys\" \/>\n<meta property=\"og:description\" content=\"Cont\u00e1ctanos para cualquier consulta o informaci\u00f3n adicional. Estamos aqu\u00ed para ayudarte.\" \/>\n<meta property=\"og:url\" content=\"https:\/\/littlemonkeysagency.com\/en\/contact\/\" \/>\n<meta property=\"og:site_name\" content=\"Little Monkeys\" \/>\n<meta property=\"article:modified_time\" content=\"2023-12-19T09:00:08+00:00\" \/>\n<meta property=\"og:image\" content=\"https:\/\/littlemonkeysagency.com\/wp-content\/uploads\/2023\/10\/LogoMonkeysWeb3-1.png\" \/>\n\t<meta property=\"og:image:width\" content=\"312\" \/>\n\t<meta property=\"og:image:height\" content=\"243\" \/>\n\t<meta property=\"og:image:type\" content=\"image\/png\" \/>\n<meta name=\"twitter:card\" content=\"summary_large_image\" \/>\n<script type=\"application\/ld+json\" class=\"yoast-schema-graph\">{\"@context\":\"https:\\\/\\\/schema.org\",\"@graph\":[{\"@type\":\"WebPage\",\"@id\":\"https:\\\/\\\/littlemonkeysagency.com\\\/contacto\\\/\",\"url\":\"https:\\\/\\\/littlemonkeysagency.com\\\/contacto\\\/\",\"name\":\"Contacto - Little Monkeys\",\"isPartOf\":{\"@id\":\"https:\\\/\\\/littlemonkeysagency.com\\\/#website\"},\"primaryImageOfPage\":{\"@id\":\"https:\\\/\\\/littlemonkeysagency.com\\\/contacto\\\/#primaryimage\"},\"image\":{\"@id\":\"https:\\\/\\\/littlemonkeysagency.com\\\/contacto\\\/#primaryimage\"},\"thumbnailUrl\":\"https:\\\/\\\/littlemonkeysagency.com\\\/wp-content\\\/uploads\\\/2023\\\/10\\\/LogoMonkeysWeb3-1.png\",\"datePublished\":\"2023-10-25T09:40:14+00:00\",\"dateModified\":\"2023-12-19T09:00:08+00:00\",\"description\":\"Cont\u00e1ctanos para cualquier consulta o informaci\u00f3n adicional. Estamos aqu\u00ed para ayudarte.\",\"breadcrumb\":{\"@id\":\"https:\\\/\\\/littlemonkeysagency.com\\\/contacto\\\/#breadcrumb\"},\"inLanguage\":\"en-US\",\"potentialAction\":[{\"@type\":\"ReadAction\",\"target\":[\"https:\\\/\\\/littlemonkeysagency.com\\\/contacto\\\/\"]}]},{\"@type\":\"ImageObject\",\"inLanguage\":\"en-US\",\"@id\":\"https:\\\/\\\/littlemonkeysagency.com\\\/contacto\\\/#primaryimage\",\"url\":\"https:\\\/\\\/littlemonkeysagency.com\\\/wp-content\\\/uploads\\\/2023\\\/10\\\/LogoMonkeysWeb3-1.png\",\"contentUrl\":\"https:\\\/\\\/littlemonkeysagency.com\\\/wp-content\\\/uploads\\\/2023\\\/10\\\/LogoMonkeysWeb3-1.png\",\"width\":312,\"height\":243,\"caption\":\"Little Monkeys\"},{\"@type\":\"BreadcrumbList\",\"@id\":\"https:\\\/\\\/littlemonkeysagency.com\\\/contacto\\\/#breadcrumb\",\"itemListElement\":[{\"@type\":\"ListItem\",\"position\":1,\"name\":\"Inicio\",\"item\":\"https:\\\/\\\/littlemonkeysagency.com\\\/\"},{\"@type\":\"ListItem\",\"position\":2,\"name\":\"Contacto\"}]},{\"@type\":\"WebSite\",\"@id\":\"https:\\\/\\\/littlemonkeysagency.com\\\/#website\",\"url\":\"https:\\\/\\\/littlemonkeysagency.com\\\/\",\"name\":\"Little Monkeys\",\"description\":\"Kids Model Agency\",\"publisher\":{\"@id\":\"https:\\\/\\\/littlemonkeysagency.com\\\/#organization\"},\"potentialAction\":[{\"@type\":\"SearchAction\",\"target\":{\"@type\":\"EntryPoint\",\"urlTemplate\":\"https:\\\/\\\/littlemonkeysagency.com\\\/?s={search_term_string}\"},\"query-input\":{\"@type\":\"PropertyValueSpecification\",\"valueRequired\":true,\"valueName\":\"search_term_string\"}}],\"inLanguage\":\"en-US\"},{\"@type\":\"Organization\",\"@id\":\"https:\\\/\\\/littlemonkeysagency.com\\\/#organization\",\"name\":\"Little Monkeys\",\"url\":\"https:\\\/\\\/littlemonkeysagency.com\\\/\",\"logo\":{\"@type\":\"ImageObject\",\"inLanguage\":\"en-US\",\"@id\":\"https:\\\/\\\/littlemonkeysagency.com\\\/#\\\/schema\\\/logo\\\/image\\\/\",\"url\":\"https:\\\/\\\/littlemonkeysagency.com\\\/wp-content\\\/uploads\\\/2023\\\/10\\\/image.png\",\"contentUrl\":\"https:\\\/\\\/littlemonkeysagency.com\\\/wp-content\\\/uploads\\\/2023\\\/10\\\/image.png\",\"width\":480,\"height\":320,\"caption\":\"Little Monkeys\"},\"image\":{\"@id\":\"https:\\\/\\\/littlemonkeysagency.com\\\/#\\\/schema\\\/logo\\\/image\\\/\"}}]}<\/script>\n<!-- \/ Yoast SEO plugin. -->","yoast_head_json":{"title":"Contact - Little Monkeys","description":"Contact us for any questions or additional information. We are here to help you.","robots":{"index":"index","follow":"follow","max-snippet":"max-snippet:-1","max-image-preview":"max-image-preview:large","max-video-preview":"max-video-preview:-1"},"canonical":"https:\/\/littlemonkeysagency.com\/en\/contact\/","og_locale":"en_US","og_type":"article","og_title":"Contacto - Little Monkeys","og_description":"Cont\u00e1ctanos para cualquier consulta o informaci\u00f3n adicional. Estamos aqu\u00ed para ayudarte.","og_url":"https:\/\/littlemonkeysagency.com\/en\/contact\/","og_site_name":"Little Monkeys","article_modified_time":"2023-12-19T09:00:08+00:00","og_image":[{"width":312,"height":243,"url":"https:\/\/littlemonkeysagency.com\/wp-content\/uploads\/2023\/10\/LogoMonkeysWeb3-1.png","type":"image\/png"}],"twitter_card":"summary_large_image","schema":{"@context":"https:\/\/schema.org","@graph":[{"@type":"WebPage","@id":"https:\/\/littlemonkeysagency.com\/contacto\/","url":"https:\/\/littlemonkeysagency.com\/contacto\/","name":"Contact - Little Monkeys","isPartOf":{"@id":"https:\/\/littlemonkeysagency.com\/#website"},"primaryImageOfPage":{"@id":"https:\/\/littlemonkeysagency.com\/contacto\/#primaryimage"},"image":{"@id":"https:\/\/littlemonkeysagency.com\/contacto\/#primaryimage"},"thumbnailUrl":"https:\/\/littlemonkeysagency.com\/wp-content\/uploads\/2023\/10\/LogoMonkeysWeb3-1.png","datePublished":"2023-10-25T09:40:14+00:00","dateModified":"2023-12-19T09:00:08+00:00","description":"Contact us for any questions or additional information. We are here to help you.","breadcrumb":{"@id":"https:\/\/littlemonkeysagency.com\/contacto\/#breadcrumb"},"inLanguage":"en-US","potentialAction":[{"@type":"ReadAction","target":["https:\/\/littlemonkeysagency.com\/contacto\/"]}]},{"@type":"ImageObject","inLanguage":"en-US","@id":"https:\/\/littlemonkeysagency.com\/contacto\/#primaryimage","url":"https:\/\/littlemonkeysagency.com\/wp-content\/uploads\/2023\/10\/LogoMonkeysWeb3-1.png","contentUrl":"https:\/\/littlemonkeysagency.com\/wp-content\/uploads\/2023\/10\/LogoMonkeysWeb3-1.png","width":312,"height":243,"caption":"Little Monkeys"},{"@type":"BreadcrumbList","@id":"https:\/\/littlemonkeysagency.com\/contacto\/#breadcrumb","itemListElement":[{"@type":"ListItem","position":1,"name":"Inicio","item":"https:\/\/littlemonkeysagency.com\/"},{"@type":"ListItem","position":2,"name":"Contacto"}]},{"@type":"WebSite","@id":"https:\/\/littlemonkeysagency.com\/#website","url":"https:\/\/littlemonkeysagency.com\/","name":"Little Monkeys","description":"Kids Model Agency","publisher":{"@id":"https:\/\/littlemonkeysagency.com\/#organization"},"potentialAction":[{"@type":"SearchAction","target":{"@type":"EntryPoint","urlTemplate":"https:\/\/littlemonkeysagency.com\/?s={search_term_string}"},"query-input":{"@type":"PropertyValueSpecification","valueRequired":true,"valueName":"search_term_string"}}],"inLanguage":"en-US"},{"@type":"Organization","@id":"https:\/\/littlemonkeysagency.com\/#organization","name":"Little Monkeys","url":"https:\/\/littlemonkeysagency.com\/","logo":{"@type":"ImageObject","inLanguage":"en-US","@id":"https:\/\/littlemonkeysagency.com\/#\/schema\/logo\/image\/","url":"https:\/\/littlemonkeysagency.com\/wp-content\/uploads\/2023\/10\/image.png","contentUrl":"https:\/\/littlemonkeysagency.com\/wp-content\/uploads\/2023\/10\/image.png","width":480,"height":320,"caption":"Little Monkeys"},"image":{"@id":"https:\/\/littlemonkeysagency.com\/#\/schema\/logo\/image\/"}}]}},"_links":{"self":[{"href":"https:\/\/littlemonkeysagency.com\/en\/wp-json\/wp\/v2\/pages\/395","targetHints":{"allow":["GET"]}}],"collection":[{"href":"https:\/\/littlemonkeysagency.com\/en\/wp-json\/wp\/v2\/pages"}],"about":[{"href":"https:\/\/littlemonkeysagency.com\/en\/wp-json\/wp\/v2\/types\/page"}],"author":[{"embeddable":true,"href":"https:\/\/littlemonkeysagency.com\/en\/wp-json\/wp\/v2\/users\/1"}],"replies":[{"embeddable":true,"href":"https:\/\/littlemonkeysagency.com\/en\/wp-json\/wp\/v2\/comments?post=395"}],"version-history":[{"count":53,"href":"https:\/\/littlemonkeysagency.com\/en\/wp-json\/wp\/v2\/pages\/395\/revisions"}],"predecessor-version":[{"id":1328,"href":"https:\/\/littlemonkeysagency.com\/en\/wp-json\/wp\/v2\/pages\/395\/revisions\/1328"}],"wp:featuredmedia":[{"embeddable":true,"href":"https:\/\/littlemonkeysagency.com\/en\/wp-json\/wp\/v2\/media\/1209"}],"wp:attachment":[{"href":"https:\/\/littlemonkeysagency.com\/en\/wp-json\/wp\/v2\/media?parent=395"}],"curies":[{"name":"wp","href":"https:\/\/api.w.org\/{rel}","templated":true}]}}